{"id":516,"date":"2025-08-15T09:02:01","date_gmt":"2025-08-15T08:02:01","guid":{"rendered":"https:\/\/power-set.eu\/privatuma-politika\/"},"modified":"2025-10-23T09:38:32","modified_gmt":"2025-10-23T08:38:32","slug":"privatuma-politika","status":"publish","type":"page","link":"https:\/\/power-set.eu\/lv\/privatuma-politika\/","title":{"rendered":"POWERSET Priv\u0101tuma politika"},"content":{"rendered":"\n<h2 class=\"wp-block-heading\">Par mums<\/h2>\n\n<p>M\u016bsu t\u012bmek\u013ca vietnes adrese ir: https:\/\/power-set.eu.<\/p>\n\n<h2 class=\"wp-block-heading\">Koment\u0101ri<\/h2>\n\n<p>Kad apmekl\u0113t\u0101ji atst\u0101j koment\u0101rus vietn\u0113, m\u0113s apkopojam koment\u0101ru veidlap\u0101 redzamos datus, k\u0101 ar\u012b apmekl\u0113t\u0101ja IP adresi un p\u0101rl\u016bkprogrammas lietot\u0101ja a\u0123enta virkni, lai pal\u012bdz\u0113tu atkl\u0101t surog\u0101tpastu.<\/p>\n\n<p>Anonimiz\u0113ta virkne, kas izveidota no j\u016bsu e-pasta adreses (saukta ar\u012b par he\u0161u), var tikt sniegta Gravatar pakalpojumam, lai redz\u0113tu, vai j\u016bs to izmantojat. Gravatar pakalpojuma priv\u0101tuma politika ir pieejama \u0161eit: https:\/\/automattic.com\/privacy\/. P\u0113c j\u016bsu koment\u0101ra apstiprin\u0101\u0161anas j\u016bsu profila att\u0113ls ir publiski redzams j\u016bsu koment\u0101ra kontekst\u0101.<\/p>\n\n<h2 class=\"wp-block-heading\">Multivide<\/h2>\n\n<p>Ja aug\u0161upiel\u0101d\u0113jat att\u0113lus t\u012bmek\u013ca vietn\u0113, j\u0101izvair\u0101s no att\u0113lu aug\u0161upiel\u0101des ar iegultiem atra\u0161an\u0101s vietas datiem (EXIF GPS). T\u012bmek\u013ca vietnes apmekl\u0113t\u0101ji var lejupiel\u0101d\u0113t un ieg\u016bt jebk\u0101dus atra\u0161an\u0101s vietas datus no t\u012bmek\u013ca vietn\u0113 eso\u0161ajiem att\u0113liem.<\/p>\n\n<h2 class=\"wp-block-heading\">S\u012bkdatnes<\/h2>\n\n<p>Ja atst\u0101jat koment\u0101ru m\u016bsu vietn\u0113, varat izv\u0113l\u0113ties saglab\u0101t savu v\u0101rdu, e-pasta adresi un vietnes adresi s\u012bkfailos. Tie ir paredz\u0113ti j\u016bsu \u0113rt\u012bbai, lai jums neb\u016btu atk\u0101rtoti j\u0101aizpilda savi dati, atst\u0101jot n\u0101kamo koment\u0101ru. \u0160ie s\u012bkfaili b\u016bs sp\u0113k\u0101 vienu gadu.<\/p>\n\n<p>Ja apmekl\u0113siet m\u016bsu pieteik\u0161an\u0101s lapu, m\u0113s iestat\u012bsim pagaidu s\u012bkfailu, lai noteiktu, vai j\u016bsu p\u0101rl\u016bkprogramma pie\u0146em s\u012bkfailus. \u0160aj\u0101 s\u012bkfail\u0101 nav personas datu un tas tiek dz\u0113sts, aizverot p\u0101rl\u016bkprogrammu.<\/p>\n\n<p>Kad piesak\u0101ties, m\u0113s ar\u012b iestat\u012bsim vair\u0101kus s\u012bkfailus, lai saglab\u0101tu j\u016bsu pieteik\u0161an\u0101s inform\u0101ciju un ekr\u0101na att\u0113lo\u0161anas izv\u0113les. Pieteik\u0161an\u0101s s\u012bkfaili darbojas divas dienas, bet ekr\u0101na opciju s\u012bkfaili \u2014 vienu gadu. Ja atlas\u012bsiet \u201cAtcer\u0113ties mani\u201d, j\u016bsu pieteik\u0161an\u0101s inform\u0101cija tiks saglab\u0101ta divas ned\u0113\u013cas. Ja izrakst\u012bsities no sava konta, pieteik\u0161an\u0101s s\u012bkfaili tiks no\u0146emti.<\/p>\n\n<p>Ja redi\u0123\u0113jat vai public\u0113jat rakstu, j\u016bsu p\u0101rl\u016bkprogramm\u0101 tiks saglab\u0101ta papildu s\u012bkdatne. \u0160aj\u0101 s\u012bkdatn\u0113 nav iek\u013cauti personas dati un t\u0101 vienk\u0101r\u0161i nor\u0101da tikko redi\u0123\u0113t\u0101 raksta ID. T\u0101 der\u012bguma termi\u0146\u0161 beidzas p\u0113c 1 dienas.<\/p>\n\n<h2 class=\"wp-block-heading\">Ietverts saturs no cit\u0101m t\u012bmek\u013ca vietn\u0113m<\/h2>\n\n<p>\u0160\u012bs vietnes rakstos var b\u016bt iek\u013cauts ietverts saturs (piem\u0113ram, video, att\u0113li, raksti utt.). No cit\u0101m t\u012bmek\u013ca vietn\u0113m ietvertais saturs darbojas tie\u0161i t\u0101pat, it k\u0101 apmekl\u0113t\u0101js b\u016btu apmekl\u0113jis attiec\u012bgo otru t\u012bmek\u013ca vietni.<\/p>\n\n<p>\u0160\u012bs t\u012bmek\u013ca vietnes var apkopot datus par jums, izmantot s\u012bkfailus, ietvert papildu tre\u0161o pu\u0161u izseko\u0161anas r\u012bkus un uzraudz\u012bt j\u016bsu mijiedarb\u012bbu ar ietverto saturu, tostarp izsekot j\u016bsu mijiedarb\u012bbu ar ietverto saturu, ja jums ir konts un esat pieteicies taj\u0101 t\u012bmek\u013ca vietn\u0113.<\/p>\n\n<h2 class=\"wp-block-heading\">Ar ko m\u0113s kop\u012bgojam j\u016bsu datus<\/h2>\n\n<p>Ja piepras\u012bsiet paroles atiestat\u012b\u0161anu, j\u016bsu IP adrese tiks iek\u013cauta atiestat\u012b\u0161anas e-past\u0101.<\/p>\n\n<h2 class=\"wp-block-heading\">Cik ilgi m\u0113s glab\u0101jam j\u016bsu datus<\/h2>\n\n<p>Ja atst\u0101jat koment\u0101ru, koment\u0101rs un t\u0101 metadati tiek saglab\u0101ti uz nenoteiktu laiku. Tas ir nepiecie\u0161ams, lai m\u0113s var\u0113tu autom\u0101tiski atpaz\u012bt un apstiprin\u0101t visus turpm\u0101kos koment\u0101rus, nevis tos tur\u0113t moder\u0101cijas rind\u0101.<\/p>\n\n<p>Lietot\u0101jiem, kas re\u0123istr\u0113jas m\u016bsu t\u012bmek\u013ca vietn\u0113 (ja t\u0101di ir), m\u0113s ar\u012b uzglab\u0101jam vi\u0146u sniegto personisko inform\u0101ciju vi\u0146u lietot\u0101ja profil\u0101. Visi lietot\u0101ji jebkur\u0101 laik\u0101 var skat\u012bt, redi\u0123\u0113t vai dz\u0113st savu personisko inform\u0101ciju (iz\u0146emot to, ka vi\u0146i nevar main\u012bt savu lietot\u0101jv\u0101rdu). Ar\u012b t\u012bmek\u013ca vietnes administratori var skat\u012bt un redi\u0123\u0113t \u0161o inform\u0101ciju.<\/p>\n\n<h2 class=\"wp-block-heading\">K\u0101das ir j\u016bsu ties\u012bbas attiec\u012bb\u0101 uz j\u016bsu datiem<\/h2>\n\n<p>Ja jums ir konts \u0161aj\u0101 vietn\u0113 vai esat atst\u0101jis koment\u0101rus, varat piepras\u012bt sa\u0146emt j\u016bsu personas datu, kas mums ir par mums, eksport\u0113tu failu, tostarp visus datus, ko esat mums sniedzis. Varat ar\u012b piepras\u012bt, lai m\u0113s dz\u0113stu visus j\u016bsu personas datus, kas mums ir par mums. Tas neietver datus, kas mums ir pien\u0101kums glab\u0101t administrat\u012bviem, juridiskiem vai dro\u0161\u012bbas nol\u016bkiem.<\/p>\n\n<h2 class=\"wp-block-heading\">Kur tiek nos\u016bt\u012bti j\u016bsu dati<\/h2>\n\n<p>Apmekl\u0113t\u0101ju koment\u0101rus var p\u0101rbaud\u012bt, izmantojot automatiz\u0113tu surog\u0101tpasta noteik\u0161anas pakalpojumu.<\/p>\n","protected":false},"excerpt":{"rendered":"<p>Par mums M\u016bsu t\u012bmek\u013ca vietnes adrese ir: https:\/\/power-set.eu. Koment\u0101ri Kad apmekl\u0113t\u0101ji atst\u0101j koment\u0101rus vietn\u0113, m\u0113s apkopojam koment\u0101ru veidlap\u0101 redzamos datus, k\u0101 ar\u012b apmekl\u0113t\u0101ja IP adresi un p\u0101rl\u016bkprogrammas lietot\u0101ja a\u0123enta virkni, lai pal\u012bdz\u0113tu atkl\u0101t surog\u0101tpastu. Anonimiz\u0113ta virkne, kas izveidota no j\u016bsu e-pasta adreses (saukta ar\u012b par he\u0161u), var tikt sniegta Gravatar pakalpojumam, lai redz\u0113tu, vai j\u016bs [&hellip;]<\/p>\n","protected":false},"author":1,"featured_media":0,"parent":0,"menu_order":0,"comment_status":"closed","ping_status":"closed","template":"template-privacy.php","meta":{"_acf_changed":false,"footnotes":""},"class_list":["post-516","page","type-page","status-publish","hentry"],"acf":[],"yoast_head":"<!-- This site is optimized with the Yoast SEO plugin v26.0 - https:\/\/yoast.com\/wordpress\/plugins\/seo\/ -->\n<title>POWERSET Priv\u0101tuma politika - Powerset<\/title>\n<meta name=\"robots\" content=\"index, follow, max-snippet:-1, max-image-preview:large, max-video-preview:-1\" \/>\n<link rel=\"canonical\" href=\"https:\/\/power-set.eu\/lv\/privatuma-politika\/\" \/>\n<meta property=\"og:locale\" content=\"lv_LV\" \/>\n<meta property=\"og:type\" content=\"article\" \/>\n<meta property=\"og:title\" content=\"POWERSET Priv\u0101tuma politika - Powerset\" \/>\n<meta property=\"og:description\" content=\"Par mums M\u016bsu t\u012bmek\u013ca vietnes adrese ir: https:\/\/power-set.eu. Koment\u0101ri Kad apmekl\u0113t\u0101ji atst\u0101j koment\u0101rus vietn\u0113, m\u0113s apkopojam koment\u0101ru veidlap\u0101 redzamos datus, k\u0101 ar\u012b apmekl\u0113t\u0101ja IP adresi un p\u0101rl\u016bkprogrammas lietot\u0101ja a\u0123enta virkni, lai pal\u012bdz\u0113tu atkl\u0101t surog\u0101tpastu. Anonimiz\u0113ta virkne, kas izveidota no j\u016bsu e-pasta adreses (saukta ar\u012b par he\u0161u), var tikt sniegta Gravatar pakalpojumam, lai redz\u0113tu, vai j\u016bs [&hellip;]\" \/>\n<meta property=\"og:url\" content=\"https:\/\/power-set.eu\/lv\/privatuma-politika\/\" \/>\n<meta property=\"og:site_name\" content=\"Powerset\" \/>\n<meta property=\"article:modified_time\" content=\"2025-10-23T08:38:32+00:00\" \/>\n<meta property=\"og:image\" content=\"https:\/\/power-set.eu\/wp-content\/uploads\/2025\/09\/evening-street-long-exposure-1.png\" \/>\n\t<meta property=\"og:image:width\" content=\"1439\" \/>\n\t<meta property=\"og:image:height\" content=\"545\" \/>\n\t<meta property=\"og:image:type\" content=\"image\/png\" \/>\n<script type=\"application\/ld+json\" class=\"yoast-schema-graph\">{\"@context\":\"https:\/\/schema.org\",\"@graph\":[{\"@type\":\"WebPage\",\"@id\":\"https:\/\/power-set.eu\/lv\/privatuma-politika\/\",\"url\":\"https:\/\/power-set.eu\/lv\/privatuma-politika\/\",\"name\":\"POWERSET Priv\u0101tuma politika - Powerset\",\"isPartOf\":{\"@id\":\"https:\/\/power-set.eu\/#website\"},\"datePublished\":\"2025-08-15T08:02:01+00:00\",\"dateModified\":\"2025-10-23T08:38:32+00:00\",\"breadcrumb\":{\"@id\":\"https:\/\/power-set.eu\/lv\/privatuma-politika\/#breadcrumb\"},\"inLanguage\":\"lv-LV\",\"potentialAction\":[{\"@type\":\"ReadAction\",\"target\":[\"https:\/\/power-set.eu\/lv\/privatuma-politika\/\"]}]},{\"@type\":\"BreadcrumbList\",\"@id\":\"https:\/\/power-set.eu\/lv\/privatuma-politika\/#breadcrumb\",\"itemListElement\":[{\"@type\":\"ListItem\",\"position\":1,\"name\":\"Home\",\"item\":\"https:\/\/power-set.eu\/lv\/\"},{\"@type\":\"ListItem\",\"position\":2,\"name\":\"POWERSET Priv\u0101tuma politika\"}]},{\"@type\":\"WebSite\",\"@id\":\"https:\/\/power-set.eu\/#website\",\"url\":\"https:\/\/power-set.eu\/\",\"name\":\"Powerset\",\"description\":\"\",\"publisher\":{\"@id\":\"https:\/\/power-set.eu\/#organization\"},\"potentialAction\":[{\"@type\":\"SearchAction\",\"target\":{\"@type\":\"EntryPoint\",\"urlTemplate\":\"https:\/\/power-set.eu\/?s={search_term_string}\"},\"query-input\":{\"@type\":\"PropertyValueSpecification\",\"valueRequired\":true,\"valueName\":\"search_term_string\"}}],\"inLanguage\":\"lv-LV\"},{\"@type\":\"Organization\",\"@id\":\"https:\/\/power-set.eu\/#organization\",\"name\":\"Powerset\",\"url\":\"https:\/\/power-set.eu\/\",\"logo\":{\"@type\":\"ImageObject\",\"inLanguage\":\"lv-LV\",\"@id\":\"https:\/\/power-set.eu\/#\/schema\/logo\/image\/\",\"url\":\"https:\/\/power-set.eu\/wp-content\/uploads\/2025\/08\/Powerset-logo.svg\",\"contentUrl\":\"https:\/\/power-set.eu\/wp-content\/uploads\/2025\/08\/Powerset-logo.svg\",\"width\":1,\"height\":1,\"caption\":\"Powerset\"},\"image\":{\"@id\":\"https:\/\/power-set.eu\/#\/schema\/logo\/image\/\"},\"sameAs\":[\"https:\/\/www.instagram.com\/siapowerset\/\",\"https:\/\/www.linkedin.com\/in\/siapowerset\/\",\"https:\/\/www.tiktok.com\/@sauletev.lv\"]}]}<\/script>\n<!-- \/ Yoast SEO plugin. -->","yoast_head_json":{"title":"POWERSET Priv\u0101tuma politika - Powerset","robots":{"index":"index","follow":"follow","max-snippet":"max-snippet:-1","max-image-preview":"max-image-preview:large","max-video-preview":"max-video-preview:-1"},"canonical":"https:\/\/power-set.eu\/lv\/privatuma-politika\/","og_locale":"lv_LV","og_type":"article","og_title":"POWERSET Priv\u0101tuma politika - Powerset","og_description":"Par mums M\u016bsu t\u012bmek\u013ca vietnes adrese ir: https:\/\/power-set.eu. Koment\u0101ri Kad apmekl\u0113t\u0101ji atst\u0101j koment\u0101rus vietn\u0113, m\u0113s apkopojam koment\u0101ru veidlap\u0101 redzamos datus, k\u0101 ar\u012b apmekl\u0113t\u0101ja IP adresi un p\u0101rl\u016bkprogrammas lietot\u0101ja a\u0123enta virkni, lai pal\u012bdz\u0113tu atkl\u0101t surog\u0101tpastu. Anonimiz\u0113ta virkne, kas izveidota no j\u016bsu e-pasta adreses (saukta ar\u012b par he\u0161u), var tikt sniegta Gravatar pakalpojumam, lai redz\u0113tu, vai j\u016bs [&hellip;]","og_url":"https:\/\/power-set.eu\/lv\/privatuma-politika\/","og_site_name":"Powerset","article_modified_time":"2025-10-23T08:38:32+00:00","og_image":[{"width":1439,"height":545,"url":"https:\/\/power-set.eu\/wp-content\/uploads\/2025\/09\/evening-street-long-exposure-1.png","type":"image\/png"}],"schema":{"@context":"https:\/\/schema.org","@graph":[{"@type":"WebPage","@id":"https:\/\/power-set.eu\/lv\/privatuma-politika\/","url":"https:\/\/power-set.eu\/lv\/privatuma-politika\/","name":"POWERSET Priv\u0101tuma politika - Powerset","isPartOf":{"@id":"https:\/\/power-set.eu\/#website"},"datePublished":"2025-08-15T08:02:01+00:00","dateModified":"2025-10-23T08:38:32+00:00","breadcrumb":{"@id":"https:\/\/power-set.eu\/lv\/privatuma-politika\/#breadcrumb"},"inLanguage":"lv-LV","potentialAction":[{"@type":"ReadAction","target":["https:\/\/power-set.eu\/lv\/privatuma-politika\/"]}]},{"@type":"BreadcrumbList","@id":"https:\/\/power-set.eu\/lv\/privatuma-politika\/#breadcrumb","itemListElement":[{"@type":"ListItem","position":1,"name":"Home","item":"https:\/\/power-set.eu\/lv\/"},{"@type":"ListItem","position":2,"name":"POWERSET Priv\u0101tuma politika"}]},{"@type":"WebSite","@id":"https:\/\/power-set.eu\/#website","url":"https:\/\/power-set.eu\/","name":"Powerset","description":"","publisher":{"@id":"https:\/\/power-set.eu\/#organization"},"potentialAction":[{"@type":"SearchAction","target":{"@type":"EntryPoint","urlTemplate":"https:\/\/power-set.eu\/?s={search_term_string}"},"query-input":{"@type":"PropertyValueSpecification","valueRequired":true,"valueName":"search_term_string"}}],"inLanguage":"lv-LV"},{"@type":"Organization","@id":"https:\/\/power-set.eu\/#organization","name":"Powerset","url":"https:\/\/power-set.eu\/","logo":{"@type":"ImageObject","inLanguage":"lv-LV","@id":"https:\/\/power-set.eu\/#\/schema\/logo\/image\/","url":"https:\/\/power-set.eu\/wp-content\/uploads\/2025\/08\/Powerset-logo.svg","contentUrl":"https:\/\/power-set.eu\/wp-content\/uploads\/2025\/08\/Powerset-logo.svg","width":1,"height":1,"caption":"Powerset"},"image":{"@id":"https:\/\/power-set.eu\/#\/schema\/logo\/image\/"},"sameAs":["https:\/\/www.instagram.com\/siapowerset\/","https:\/\/www.linkedin.com\/in\/siapowerset\/","https:\/\/www.tiktok.com\/@sauletev.lv"]}]}},"_links":{"self":[{"href":"https:\/\/power-set.eu\/lv\/wp-json\/wp\/v2\/pages\/516","targetHints":{"allow":["GET"]}}],"collection":[{"href":"https:\/\/power-set.eu\/lv\/wp-json\/wp\/v2\/pages"}],"about":[{"href":"https:\/\/power-set.eu\/lv\/wp-json\/wp\/v2\/types\/page"}],"author":[{"embeddable":true,"href":"https:\/\/power-set.eu\/lv\/wp-json\/wp\/v2\/users\/1"}],"replies":[{"embeddable":true,"href":"https:\/\/power-set.eu\/lv\/wp-json\/wp\/v2\/comments?post=516"}],"version-history":[{"count":6,"href":"https:\/\/power-set.eu\/lv\/wp-json\/wp\/v2\/pages\/516\/revisions"}],"predecessor-version":[{"id":539,"href":"https:\/\/power-set.eu\/lv\/wp-json\/wp\/v2\/pages\/516\/revisions\/539"}],"wp:attachment":[{"href":"https:\/\/power-set.eu\/lv\/wp-json\/wp\/v2\/media?parent=516"}],"curies":[{"name":"wp","href":"https:\/\/api.w.org\/{rel}","templated":true}]}}