{"id":165,"date":"2025-08-19T09:08:38","date_gmt":"2025-08-19T08:08:38","guid":{"rendered":"https:\/\/power.devtemp26.com\/sakums\/"},"modified":"2025-11-18T20:15:29","modified_gmt":"2025-11-18T20:15:29","slug":"sia-powerset","status":"publish","type":"page","link":"https:\/\/power-set.eu\/lv\/","title":{"rendered":"S\u0101kums"},"content":{"rendered":"","protected":false},"excerpt":{"rendered":"","protected":false},"author":1,"featured_media":0,"parent":0,"menu_order":0,"comment_status":"closed","ping_status":"closed","template":"template-home.php","meta":{"_acf_changed":false,"footnotes":""},"class_list":["post-165","page","type-page","status-publish","hentry"],"acf":[],"yoast_head":"<!-- This site is optimized with the Yoast SEO plugin v26.0 - https:\/\/yoast.com\/wordpress\/plugins\/seo\/ -->\n<title>JAUDA DRO\u0160\u0100KAI N\u0100KOTNEI | POWERSET<\/title>\n<meta name=\"description\" content=\"Inovat\u012bvi akumulatoru risin\u0101jumi - no jauniem vai atk\u0101rtoti izmantotiem akumulatoriem\" \/>\n<meta name=\"robots\" content=\"index, follow, max-snippet:-1, max-image-preview:large, max-video-preview:-1\" \/>\n<link rel=\"canonical\" href=\"https:\/\/power-set.eu\/lv\/\" \/>\n<meta property=\"og:locale\" content=\"lv_LV\" \/>\n<meta property=\"og:type\" content=\"article\" \/>\n<meta property=\"og:title\" content=\"JAUDA DRO\u0160\u0100KAI N\u0100KOTNEI | POWERSET\" \/>\n<meta property=\"og:description\" content=\"Inovat\u012bvi akumulatoru risin\u0101jumi - no jauniem vai atk\u0101rtoti izmantotiem akumulatoriem\" \/>\n<meta property=\"og:url\" content=\"https:\/\/power-set.eu\/lv\/\" \/>\n<meta property=\"og:site_name\" content=\"Powerset\" \/>\n<meta property=\"article:modified_time\" content=\"2025-11-18T20:15:29+00:00\" \/>\n<meta property=\"og:image\" content=\"https:\/\/power-set.eu\/wp-content\/uploads\/2025\/09\/evening-street-long-exposure-1.png\" \/>\n\t<meta property=\"og:image:width\" content=\"1439\" \/>\n\t<meta property=\"og:image:height\" content=\"545\" \/>\n\t<meta property=\"og:image:type\" content=\"image\/png\" \/>\n<script type=\"application\/ld+json\" class=\"yoast-schema-graph\">{\"@context\":\"https:\/\/schema.org\",\"@graph\":[{\"@type\":\"WebPage\",\"@id\":\"https:\/\/power-set.eu\/lv\/\",\"url\":\"https:\/\/power-set.eu\/lv\/\",\"name\":\"JAUDA DRO\u0160\u0100KAI N\u0100KOTNEI | POWERSET\",\"isPartOf\":{\"@id\":\"https:\/\/power-set.eu\/#website\"},\"datePublished\":\"2025-08-19T08:08:38+00:00\",\"dateModified\":\"2025-11-18T20:15:29+00:00\",\"description\":\"Inovat\u012bvi akumulatoru risin\u0101jumi - no jauniem vai atk\u0101rtoti izmantotiem akumulatoriem\",\"breadcrumb\":{\"@id\":\"https:\/\/power-set.eu\/lv\/#breadcrumb\"},\"inLanguage\":\"lv-LV\",\"potentialAction\":[{\"@type\":\"ReadAction\",\"target\":[\"https:\/\/power-set.eu\/lv\/\"]}]},{\"@type\":\"BreadcrumbList\",\"@id\":\"https:\/\/power-set.eu\/lv\/#breadcrumb\",\"itemListElement\":[{\"@type\":\"ListItem\",\"position\":1,\"name\":\"Home\",\"item\":\"https:\/\/power-set.eu\/lv\/\"},{\"@type\":\"ListItem\",\"position\":2,\"name\":\"S\u0101kums\"}]},{\"@type\":\"WebSite\",\"@id\":\"https:\/\/power-set.eu\/#website\",\"url\":\"https:\/\/power-set.eu\/\",\"name\":\"Powerset\",\"description\":\"\",\"publisher\":{\"@id\":\"https:\/\/power-set.eu\/#organization\"},\"potentialAction\":[{\"@type\":\"SearchAction\",\"target\":{\"@type\":\"EntryPoint\",\"urlTemplate\":\"https:\/\/power-set.eu\/?s={search_term_string}\"},\"query-input\":{\"@type\":\"PropertyValueSpecification\",\"valueRequired\":true,\"valueName\":\"search_term_string\"}}],\"inLanguage\":\"lv-LV\"},{\"@type\":\"Organization\",\"@id\":\"https:\/\/power-set.eu\/#organization\",\"name\":\"Powerset\",\"url\":\"https:\/\/power-set.eu\/\",\"logo\":{\"@type\":\"ImageObject\",\"inLanguage\":\"lv-LV\",\"@id\":\"https:\/\/power-set.eu\/#\/schema\/logo\/image\/\",\"url\":\"https:\/\/power-set.eu\/wp-content\/uploads\/2025\/08\/Powerset-logo.svg\",\"contentUrl\":\"https:\/\/power-set.eu\/wp-content\/uploads\/2025\/08\/Powerset-logo.svg\",\"width\":1,\"height\":1,\"caption\":\"Powerset\"},\"image\":{\"@id\":\"https:\/\/power-set.eu\/#\/schema\/logo\/image\/\"},\"sameAs\":[\"https:\/\/www.instagram.com\/siapowerset\/\",\"https:\/\/www.linkedin.com\/in\/siapowerset\/\",\"https:\/\/www.tiktok.com\/@sauletev.lv\"]}]}<\/script>\n<!-- \/ Yoast SEO plugin. -->","yoast_head_json":{"title":"JAUDA DRO\u0160\u0100KAI N\u0100KOTNEI | POWERSET","description":"Inovat\u012bvi akumulatoru risin\u0101jumi - no jauniem vai atk\u0101rtoti izmantotiem akumulatoriem","robots":{"index":"index","follow":"follow","max-snippet":"max-snippet:-1","max-image-preview":"max-image-preview:large","max-video-preview":"max-video-preview:-1"},"canonical":"https:\/\/power-set.eu\/lv\/","og_locale":"lv_LV","og_type":"article","og_title":"JAUDA DRO\u0160\u0100KAI N\u0100KOTNEI | POWERSET","og_description":"Inovat\u012bvi akumulatoru risin\u0101jumi - no jauniem vai atk\u0101rtoti izmantotiem akumulatoriem","og_url":"https:\/\/power-set.eu\/lv\/","og_site_name":"Powerset","article_modified_time":"2025-11-18T20:15:29+00:00","og_image":[{"width":1439,"height":545,"url":"https:\/\/power-set.eu\/wp-content\/uploads\/2025\/09\/evening-street-long-exposure-1.png","type":"image\/png"}],"schema":{"@context":"https:\/\/schema.org","@graph":[{"@type":"WebPage","@id":"https:\/\/power-set.eu\/lv\/","url":"https:\/\/power-set.eu\/lv\/","name":"JAUDA DRO\u0160\u0100KAI N\u0100KOTNEI | POWERSET","isPartOf":{"@id":"https:\/\/power-set.eu\/#website"},"datePublished":"2025-08-19T08:08:38+00:00","dateModified":"2025-11-18T20:15:29+00:00","description":"Inovat\u012bvi akumulatoru risin\u0101jumi - no jauniem vai atk\u0101rtoti izmantotiem akumulatoriem","breadcrumb":{"@id":"https:\/\/power-set.eu\/lv\/#breadcrumb"},"inLanguage":"lv-LV","potentialAction":[{"@type":"ReadAction","target":["https:\/\/power-set.eu\/lv\/"]}]},{"@type":"BreadcrumbList","@id":"https:\/\/power-set.eu\/lv\/#breadcrumb","itemListElement":[{"@type":"ListItem","position":1,"name":"Home","item":"https:\/\/power-set.eu\/lv\/"},{"@type":"ListItem","position":2,"name":"S\u0101kums"}]},{"@type":"WebSite","@id":"https:\/\/power-set.eu\/#website","url":"https:\/\/power-set.eu\/","name":"Powerset","description":"","publisher":{"@id":"https:\/\/power-set.eu\/#organization"},"potentialAction":[{"@type":"SearchAction","target":{"@type":"EntryPoint","urlTemplate":"https:\/\/power-set.eu\/?s={search_term_string}"},"query-input":{"@type":"PropertyValueSpecification","valueRequired":true,"valueName":"search_term_string"}}],"inLanguage":"lv-LV"},{"@type":"Organization","@id":"https:\/\/power-set.eu\/#organization","name":"Powerset","url":"https:\/\/power-set.eu\/","logo":{"@type":"ImageObject","inLanguage":"lv-LV","@id":"https:\/\/power-set.eu\/#\/schema\/logo\/image\/","url":"https:\/\/power-set.eu\/wp-content\/uploads\/2025\/08\/Powerset-logo.svg","contentUrl":"https:\/\/power-set.eu\/wp-content\/uploads\/2025\/08\/Powerset-logo.svg","width":1,"height":1,"caption":"Powerset"},"image":{"@id":"https:\/\/power-set.eu\/#\/schema\/logo\/image\/"},"sameAs":["https:\/\/www.instagram.com\/siapowerset\/","https:\/\/www.linkedin.com\/in\/siapowerset\/","https:\/\/www.tiktok.com\/@sauletev.lv"]}]}},"_links":{"self":[{"href":"https:\/\/power-set.eu\/lv\/wp-json\/wp\/v2\/pages\/165","targetHints":{"allow":["GET"]}}],"collection":[{"href":"https:\/\/power-set.eu\/lv\/wp-json\/wp\/v2\/pages"}],"about":[{"href":"https:\/\/power-set.eu\/lv\/wp-json\/wp\/v2\/types\/page"}],"author":[{"embeddable":true,"href":"https:\/\/power-set.eu\/lv\/wp-json\/wp\/v2\/users\/1"}],"replies":[{"embeddable":true,"href":"https:\/\/power-set.eu\/lv\/wp-json\/wp\/v2\/comments?post=165"}],"version-history":[{"count":8,"href":"https:\/\/power-set.eu\/lv\/wp-json\/wp\/v2\/pages\/165\/revisions"}],"predecessor-version":[{"id":540,"href":"https:\/\/power-set.eu\/lv\/wp-json\/wp\/v2\/pages\/165\/revisions\/540"}],"wp:attachment":[{"href":"https:\/\/power-set.eu\/lv\/wp-json\/wp\/v2\/media?parent=165"}],"curies":[{"name":"wp","href":"https:\/\/api.w.org\/{rel}","templated":true}]}}